{"id":1855,"date":"2024-07-08T11:56:15","date_gmt":"2024-07-08T09:56:15","guid":{"rendered":"http:\/\/novacasamarisol.es.mialias.net\/casa-marisol-des-de-fa-mes-de-65-anys\/"},"modified":"2024-11-12T18:01:29","modified_gmt":"2024-11-12T17:01:29","slug":"casa-marisol-desde-hace-mas-de-65-anos","status":"publish","type":"page","link":"https:\/\/casamarisol.es\/es\/casa-marisol-desde-hace-mas-de-65-anos\/","title":{"rendered":"Casa Marisol, desde hace m\u00e1s de 65 a\u00f1os"},"content":{"rendered":"\t\t<div data-elementor-type=\"wp-page\" data-elementor-id=\"1855\" class=\"elementor elementor-1855 elementor-861\">\n\t\t\t\t\t\t<section class=\"elementor-section elementor-top-section elementor-element elementor-element-af183ce elementor-section-height-min-height elementor-section-boxed elementor-section-height-default elementor-section-items-middle\" data-id=\"af183ce\" data-element_type=\"section\" data-e-type=\"section\" data-settings=\"{&quot;background_background&quot;:&quot;classic&quot;}\">\n\t\t\t\t\t\t<div class=\"elementor-container elementor-column-gap-no\">\n\t\t\t\t\t<div class=\"elementor-column elementor-col-100 elementor-top-column elementor-element elementor-element-0137285\" data-id=\"0137285\" data-element_type=\"column\" data-e-type=\"column\">\n\t\t\t<div class=\"elementor-widget-wrap elementor-element-populated\">\n\t\t\t\t\t\t<div class=\"elementor-element elementor-element-9086dc7 elementor-widget elementor-widget-heading\" data-id=\"9086dc7\" data-element_type=\"widget\" data-e-type=\"widget\" data-widget_type=\"heading.default\">\n\t\t\t\t<div class=\"elementor-widget-container\">\n\t\t\t\t\t<h1 class=\"elementor-heading-title elementor-size-default\">Casa Marisol, desde hace m\u00e1s de 65 a\u00f1os<\/h1>\t\t\t\t<\/div>\n\t\t\t\t<\/div>\n\t\t\t\t\t<\/div>\n\t\t<\/div>\n\t\t\t\t\t<\/div>\n\t\t<\/section>\n\t\t<div class=\"elementor-element elementor-element-ab07d86 e-flex e-con-boxed e-con e-parent\" data-id=\"ab07d86\" data-element_type=\"container\" data-e-type=\"container\">\n\t\t\t\t\t<div class=\"e-con-inner\">\n\t\t\t\t<div class=\"elementor-element elementor-element-3b605a3 elementor-widget elementor-widget-image\" data-id=\"3b605a3\" data-element_type=\"widget\" data-e-type=\"widget\" data-widget_type=\"image.default\">\n\t\t\t\t<div class=\"elementor-widget-container\">\n\t\t\t\t\t\t\t\t\t\t\t\t\t\t\t<img decoding=\"async\" src=\"https:\/\/casamarisol.es\/wp-content\/uploads\/elementor\/thumbs\/ico-qqk7uz114elna9rn13h4nrmgarghja88jl61hwa9ly.png\" title=\"ico\" alt=\"ico\" loading=\"lazy\" \/>\t\t\t\t\t\t\t\t\t\t\t\t\t\t\t<\/div>\n\t\t\t\t<\/div>\n\t\t\t\t\t<\/div>\n\t\t\t\t<\/div>\n\t\t<div class=\"elementor-element elementor-element-13aae85 e-flex e-con-boxed e-con e-parent\" data-id=\"13aae85\" data-element_type=\"container\" data-e-type=\"container\">\n\t\t\t\t\t<div class=\"e-con-inner\">\n\t\t<div class=\"elementor-element elementor-element-9f3e106 e-con-full e-flex e-con e-child\" data-id=\"9f3e106\" data-element_type=\"container\" data-e-type=\"container\">\n\t\t\t\t<div class=\"elementor-element elementor-element-d1e45d6 elementor-widget elementor-widget-text-editor\" data-id=\"d1e45d6\" data-element_type=\"widget\" data-e-type=\"widget\" data-widget_type=\"text-editor.default\">\n\t\t\t\t<div class=\"elementor-widget-container\">\n\t\t\t\t\t\t\t\t\t<p>En 2016 la tienda vilanovina <strong>Casa Marisol<\/strong> celebr\u00f3 65 a\u00f1os. Ubicada en el centro de la capital del Garraf, en Vilanova i la Geltr\u00fa, entrar en esta tienda de la calle Josep Coroleu, es adentrarse en un mundo de colores, texturas, sensaciones y olores donde la experiencia con la selecta gastronom\u00eda es la protagonista.<\/p><p>El buen gusto, la elegancia, el prestigio de las mejores marcas nacionales e internacionales de todos los productos, llenan las baldas con tanto cuidado, que cada producto tiene su lugar justo e invita a probarlo todo.<\/p><p>Tu mirada buscar\u00e1 a los mejores jamones con denominaci\u00f3n de origen como el 5 Jotas S\u00e1nchez Romero y Carvajal, Bl\u00e1zquez o 5J, entre otros; latas de las mejores conservas, mermeladas y confituras, chocolates, vinos, cavas y licores, adem\u00e1s de huevos ecol\u00f3gicos y otros delicatesen esperan a ser descubiertas por ti.<\/p>\t\t\t\t\t\t\t\t<\/div>\n\t\t\t\t<\/div>\n\t\t\t\t<\/div>\n\t\t<div class=\"elementor-element elementor-element-b161148 e-con-full e-flex e-con e-child\" data-id=\"b161148\" data-element_type=\"container\" data-e-type=\"container\">\n\t\t\t\t<div class=\"elementor-element elementor-element-356f599 elementor-widget elementor-widget-image\" data-id=\"356f599\" data-element_type=\"widget\" data-e-type=\"widget\" data-widget_type=\"image.default\">\n\t\t\t\t<div class=\"elementor-widget-container\">\n\t\t\t\t\t\t\t\t\t\t\t\t\t\t\t<img fetchpriority=\"high\" decoding=\"async\" width=\"600\" height=\"900\" src=\"https:\/\/casamarisol.es\/wp-content\/uploads\/2024\/07\/casamarisol_qui-som.jpg\" class=\"attachment-large size-large wp-image-867\" alt=\"\" srcset=\"https:\/\/casamarisol.es\/wp-content\/uploads\/2024\/07\/casamarisol_qui-som.jpg 600w, https:\/\/casamarisol.es\/wp-content\/uploads\/2024\/07\/casamarisol_qui-som-200x300.jpg 200w\" sizes=\"(max-width: 600px) 100vw, 600px\" \/>\t\t\t\t\t\t\t\t\t\t\t\t\t\t\t<\/div>\n\t\t\t\t<\/div>\n\t\t\t\t<\/div>\n\t\t\t\t\t<\/div>\n\t\t\t\t<\/div>\n\t\t<div class=\"elementor-element elementor-element-340df8a e-flex e-con-boxed e-con e-parent\" data-id=\"340df8a\" data-element_type=\"container\" data-e-type=\"container\">\n\t\t\t\t\t<div class=\"e-con-inner\">\n\t\t\t\t<div class=\"elementor-element elementor-element-9fccc64 elementor-widget elementor-widget-text-editor\" data-id=\"9fccc64\" data-element_type=\"widget\" data-e-type=\"widget\" data-widget_type=\"text-editor.default\">\n\t\t\t\t<div class=\"elementor-widget-container\">\n\t\t\t\t\t\t\t\t\t<p>Disponemos de m\u00e1s de 80 quesos nacionales y de importaci\u00f3n y te asesoraremos para que elijas el que m\u00e1s te guste. Y el mejor jam\u00f3n\u2026 Y las carnes m\u00e1s finas\u2026 Y los m\u00e1s selectos embutidos: Y en el \u201c<strong>Rinc\u00f3n de la Cuina de l&#8217;Anna<\/strong>\u201d podr\u00e1s probar nuestros bocadillos, encaramados o nuestros zumos Detox que preparamos al momento.<\/p><p>Como todos los negocios familiares, la tradici\u00f3n y la experiencia conviven con el emprendimiento y las nuevas l\u00edneas de negocio que aportan los m\u00e1s j\u00f3venes. En este caso; la hija, Anna Belzunces que hace ya unos a\u00f1os dirige <strong>Casa Marisol<\/strong>, ha querido acercar la cocina de <strong>Casa Marisol<\/strong> a los clientes.<\/p><p>Ha ampliado la carta de platos precocinados que sirve en bandejas de 4, 6 y 8 raciones: canelones, pollo con guarnici\u00f3n de patatas, macarrones, croquetas de pollo, de pescado, de queso o de pollo de pay\u00e9s; derrame, ensalada rusa, empedrado de at\u00fan, carpaccio de bacalao, xat\u00f3 de Vilanova, escalivada, surtido de ensaladas, pasta en el Roquefort, cintas en el Romesco, fideos, r\u00facula y boconcinio, salpic\u00f3n de marisco, pi\u00f1a rellena de gambas, aguacates marisco, lasa\u00f1a de espinacas y reques\u00f3n, lasa\u00f1a de carne, berenjenas rellenas de carne fina de ternera, macarrones a la Bolo\u00f1esa, y muchos m\u00e1s.<\/p><p>Ha creado men\u00fas que se ofrecen en la tienda cada fin de semana y tambi\u00e9n en fechas especiales: San Jos\u00e9, San Jorge, Fiesta Mayor, 11 de septiembre, San Valent\u00edn, Feria de Noviembre y Navidad. Adem\u00e1s, dispone de una carta espec\u00edfica con m\u00e1s de 50 platos t\u00edpicos navide\u00f1os y unos panettones rellenos exquisitos.<\/p>\t\t\t\t\t\t\t\t<\/div>\n\t\t\t\t<\/div>\n\t\t\t\t<div class=\"elementor-element elementor-element-adf3aa3 elementor-widget elementor-widget-image\" data-id=\"adf3aa3\" data-element_type=\"widget\" data-e-type=\"widget\" data-widget_type=\"image.default\">\n\t\t\t\t<div class=\"elementor-widget-container\">\n\t\t\t\t\t\t\t\t\t\t\t\t\t\t\t<img decoding=\"async\" width=\"1920\" height=\"1139\" src=\"https:\/\/casamarisol.es\/wp-content\/uploads\/2024\/07\/casamarisol_qui-som_2.jpg\" class=\"attachment-full size-full wp-image-877\" alt=\"\" srcset=\"https:\/\/casamarisol.es\/wp-content\/uploads\/2024\/07\/casamarisol_qui-som_2.jpg 1920w, https:\/\/casamarisol.es\/wp-content\/uploads\/2024\/07\/casamarisol_qui-som_2-300x178.jpg 300w, https:\/\/casamarisol.es\/wp-content\/uploads\/2024\/07\/casamarisol_qui-som_2-1024x607.jpg 1024w, https:\/\/casamarisol.es\/wp-content\/uploads\/2024\/07\/casamarisol_qui-som_2-768x456.jpg 768w, https:\/\/casamarisol.es\/wp-content\/uploads\/2024\/07\/casamarisol_qui-som_2-1536x911.jpg 1536w, https:\/\/casamarisol.es\/wp-content\/uploads\/2024\/07\/casamarisol_qui-som_2-600x356.jpg 600w\" sizes=\"(max-width: 1920px) 100vw, 1920px\" \/>\t\t\t\t\t\t\t\t\t\t\t\t\t\t\t<\/div>\n\t\t\t\t<\/div>\n\t\t\t\t<div class=\"elementor-element elementor-element-928ffad elementor-widget elementor-widget-text-editor\" data-id=\"928ffad\" data-element_type=\"widget\" data-e-type=\"widget\" data-widget_type=\"text-editor.default\">\n\t\t\t\t<div class=\"elementor-widget-container\">\n\t\t\t\t\t\t\t\t\t<p>En 2014 cre\u00f3 el servicio de catering <strong>La cuina de l&#8217;Anna<\/strong>, donde ella, personalmente, crea y cocina exclusivamente para empresas o particulares. El presupuesto lo fija el cliente y ella adapta su gastronom\u00eda. Los clientes realizan la cata del men\u00fa escogido por su boda, comuni\u00f3n, bautizo o fiesta en la tienda y ven directamente el producto que se comen.<\/p><p>La cocina trasera de la tienda se ha convertido en un \u201c<strong>laboratorio gastron\u00f3mico<\/strong>\u201d del que salen los platos m\u00e1s exquisitos.<\/p>\t\t\t\t\t\t\t\t<\/div>\n\t\t\t\t<\/div>\n\t\t\t\t\t<\/div>\n\t\t\t\t<\/div>\n\t\t<div class=\"elementor-element elementor-element-9f2628d e-flex e-con-boxed e-con e-parent\" data-id=\"9f2628d\" data-element_type=\"container\" data-e-type=\"container\">\n\t\t\t\t\t<div class=\"e-con-inner\">\n\t\t\t\t<div class=\"elementor-element elementor-element-67fbad8 elementor-widget elementor-widget-image\" data-id=\"67fbad8\" data-element_type=\"widget\" data-e-type=\"widget\" data-widget_type=\"image.default\">\n\t\t\t\t<div class=\"elementor-widget-container\">\n\t\t\t\t\t\t\t\t\t\t\t\t\t\t\t<img decoding=\"async\" src=\"https:\/\/casamarisol.es\/wp-content\/uploads\/elementor\/thumbs\/ico-qqk7uz114elna9rn13h4nrmgarghja88jl61hwa9ly.png\" title=\"ico\" alt=\"ico\" loading=\"lazy\" \/>\t\t\t\t\t\t\t\t\t\t\t\t\t\t\t<\/div>\n\t\t\t\t<\/div>\n\t\t\t\t\t<\/div>\n\t\t\t\t<\/div>\n\t\t\t\t<\/div>\n\t\t","protected":false},"excerpt":{"rendered":"<p>Casa Marisol, desde hace m\u00e1s de 65 a\u00f1os En 2016 la tienda vilanovina Casa Marisol celebr\u00f3 65 a\u00f1os. Ubicada en el centro de la capital del Garraf, en Vilanova i la Geltr\u00fa, entrar en esta tienda de la calle Josep Coroleu, es adentrarse en un mundo de colores, texturas, sensaciones y olores donde la experiencia [&hellip;]<\/p>\n","protected":false},"author":2,"featured_media":0,"parent":0,"menu_order":0,"comment_status":"closed","ping_status":"closed","template":"","meta":{"site-sidebar-layout":"no-sidebar","site-content-layout":"page-builder","ast-site-content-layout":"full-width-container","site-content-style":"unboxed","site-sidebar-style":"unboxed","ast-global-header-display":"","ast-banner-title-visibility":"","ast-main-header-display":"","ast-hfb-above-header-display":"","ast-hfb-below-header-display":"","ast-hfb-mobile-header-display":"","site-post-title":"disabled","ast-breadcrumbs-content":"","ast-featured-img":"","footer-sml-layout":"","ast-disable-related-posts":"","theme-transparent-header-meta":"","adv-header-id-meta":"","stick-header-meta":"","header-above-stick-meta":"","header-main-stick-meta":"","header-below-stick-meta":"","astra-migrate-meta-layouts":"set","ast-page-background-enabled":"default","ast-page-background-meta":{"desktop":{"background-color":"var(--ast-global-color-5)","background-image":"","background-repeat":"repeat","background-position":"center center","background-size":"auto","background-attachment":"scroll","background-type":"","background-media":"","overlay-type":"","overlay-color":"","overlay-opacity":"","overlay-gradient":""},"tablet":{"background-color":"","background-image":"","background-repeat":"repeat","background-position":"center center","background-size":"auto","background-attachment":"scroll","background-type":"","background-media":"","overlay-type":"","overlay-color":"","overlay-opacity":"","overlay-gradient":""},"mobile":{"background-color":"","background-image":"","background-repeat":"repeat","background-position":"center center","background-size":"auto","background-attachment":"scroll","background-type":"","background-media":"","overlay-type":"","overlay-color":"","overlay-opacity":"","overlay-gradient":""}},"ast-content-background-meta":{"desktop":{"background-color":"var(--ast-global-color-4)","background-image":"","background-repeat":"repeat","background-position":"center center","background-size":"auto","background-attachment":"scroll","background-type":"","background-media":"","overlay-type":"","overlay-color":"","overlay-opacity":"","overlay-gradient":""},"tablet":{"background-color":"var(--ast-global-color-4)","background-image":"","background-repeat":"repeat","background-position":"center center","background-size":"auto","background-attachment":"scroll","background-type":"","background-media":"","overlay-type":"","overlay-color":"","overlay-opacity":"","overlay-gradient":""},"mobile":{"background-color":"var(--ast-global-color-4)","background-image":"","background-repeat":"repeat","background-position":"center center","background-size":"auto","background-attachment":"scroll","background-type":"","background-media":"","overlay-type":"","overlay-color":"","overlay-opacity":"","overlay-gradient":""}},"_joinchat":[],"footnotes":""},"class_list":["post-1855","page","type-page","status-publish","hentry"],"yoast_head":"<!-- This site is optimized with the Yoast SEO plugin v23.9 - https:\/\/yoast.com\/wordpress\/plugins\/seo\/ -->\n<title>Casa Marisol, desde hace m\u00e1s de 65 a\u00f1os - Casa Marisol<\/title>\n<meta name=\"robots\" content=\"index, follow, max-snippet:-1, max-image-preview:large, max-video-preview:-1\" \/>\n<link rel=\"canonical\" href=\"https:\/\/casamarisol.es\/es\/casa-marisol-desde-hace-mas-de-65-anos\/\" \/>\n<meta property=\"og:locale\" content=\"es_ES\" \/>\n<meta property=\"og:type\" content=\"article\" \/>\n<meta property=\"og:title\" content=\"Casa Marisol, desde hace m\u00e1s de 65 a\u00f1os - Casa Marisol\" \/>\n<meta property=\"og:description\" content=\"Casa Marisol, desde hace m\u00e1s de 65 a\u00f1os En 2016 la tienda vilanovina Casa Marisol celebr\u00f3 65 a\u00f1os. Ubicada en el centro de la capital del Garraf, en Vilanova i la Geltr\u00fa, entrar en esta tienda de la calle Josep Coroleu, es adentrarse en un mundo de colores, texturas, sensaciones y olores donde la experiencia [&hellip;]\" \/>\n<meta property=\"og:url\" content=\"https:\/\/casamarisol.es\/es\/casa-marisol-desde-hace-mas-de-65-anos\/\" \/>\n<meta property=\"og:site_name\" content=\"Casa Marisol\" \/>\n<meta property=\"article:modified_time\" content=\"2024-11-12T17:01:29+00:00\" \/>\n<meta property=\"og:image\" content=\"https:\/\/casamarisol.es\/wp-content\/uploads\/elementor\/thumbs\/ico-qqk7uz114elna9rn13h4nrmgarghja88jl61hwa9ly.png\" \/>\n<meta name=\"twitter:card\" content=\"summary_large_image\" \/>\n<meta name=\"twitter:label1\" content=\"Tiempo de lectura\" \/>\n\t<meta name=\"twitter:data1\" content=\"1 minuto\" \/>\n<script type=\"application\/ld+json\" class=\"yoast-schema-graph\">{\"@context\":\"https:\/\/schema.org\",\"@graph\":[{\"@type\":\"WebPage\",\"@id\":\"https:\/\/casamarisol.es\/es\/casa-marisol-desde-hace-mas-de-65-anos\/\",\"url\":\"https:\/\/casamarisol.es\/es\/casa-marisol-desde-hace-mas-de-65-anos\/\",\"name\":\"Casa Marisol, desde hace m\u00e1s de 65 a\u00f1os - Casa Marisol\",\"isPartOf\":{\"@id\":\"https:\/\/casamarisol.es\/#website\"},\"primaryImageOfPage\":{\"@id\":\"https:\/\/casamarisol.es\/es\/casa-marisol-desde-hace-mas-de-65-anos\/#primaryimage\"},\"image\":{\"@id\":\"https:\/\/casamarisol.es\/es\/casa-marisol-desde-hace-mas-de-65-anos\/#primaryimage\"},\"thumbnailUrl\":\"https:\/\/casamarisol.es\/wp-content\/uploads\/elementor\/thumbs\/ico-qqk7uz114elna9rn13h4nrmgarghja88jl61hwa9ly.png\",\"datePublished\":\"2024-07-08T09:56:15+00:00\",\"dateModified\":\"2024-11-12T17:01:29+00:00\",\"breadcrumb\":{\"@id\":\"https:\/\/casamarisol.es\/es\/casa-marisol-desde-hace-mas-de-65-anos\/#breadcrumb\"},\"inLanguage\":\"es\",\"potentialAction\":[{\"@type\":\"ReadAction\",\"target\":[\"https:\/\/casamarisol.es\/es\/casa-marisol-desde-hace-mas-de-65-anos\/\"]}]},{\"@type\":\"ImageObject\",\"inLanguage\":\"es\",\"@id\":\"https:\/\/casamarisol.es\/es\/casa-marisol-desde-hace-mas-de-65-anos\/#primaryimage\",\"url\":\"https:\/\/casamarisol.es\/wp-content\/uploads\/elementor\/thumbs\/ico-qqk7uz114elna9rn13h4nrmgarghja88jl61hwa9ly.png\",\"contentUrl\":\"https:\/\/casamarisol.es\/wp-content\/uploads\/elementor\/thumbs\/ico-qqk7uz114elna9rn13h4nrmgarghja88jl61hwa9ly.png\"},{\"@type\":\"BreadcrumbList\",\"@id\":\"https:\/\/casamarisol.es\/es\/casa-marisol-desde-hace-mas-de-65-anos\/#breadcrumb\",\"itemListElement\":[{\"@type\":\"ListItem\",\"position\":1,\"name\":\"Inici\",\"item\":\"https:\/\/casamarisol.es\/es\/\"},{\"@type\":\"ListItem\",\"position\":2,\"name\":\"Casa Marisol, desde hace m\u00e1s de 65 a\u00f1os\"}]},{\"@type\":\"WebSite\",\"@id\":\"https:\/\/casamarisol.es\/#website\",\"url\":\"https:\/\/casamarisol.es\/\",\"name\":\"Casa Marisol\",\"description\":\"Vilanova i la Geltr\u00fa\",\"publisher\":{\"@id\":\"https:\/\/casamarisol.es\/#organization\"},\"potentialAction\":[{\"@type\":\"SearchAction\",\"target\":{\"@type\":\"EntryPoint\",\"urlTemplate\":\"https:\/\/casamarisol.es\/?s={search_term_string}\"},\"query-input\":{\"@type\":\"PropertyValueSpecification\",\"valueRequired\":true,\"valueName\":\"search_term_string\"}}],\"inLanguage\":\"es\"},{\"@type\":\"Organization\",\"@id\":\"https:\/\/casamarisol.es\/#organization\",\"name\":\"Casa Marisol\",\"url\":\"https:\/\/casamarisol.es\/\",\"logo\":{\"@type\":\"ImageObject\",\"inLanguage\":\"es\",\"@id\":\"https:\/\/casamarisol.es\/#\/schema\/logo\/image\/\",\"url\":\"https:\/\/casamarisol.es\/wp-content\/uploads\/2024\/07\/logo.jpg\",\"contentUrl\":\"https:\/\/casamarisol.es\/wp-content\/uploads\/2024\/07\/logo.jpg\",\"width\":400,\"height\":158,\"caption\":\"Casa Marisol\"},\"image\":{\"@id\":\"https:\/\/casamarisol.es\/#\/schema\/logo\/image\/\"}}]}<\/script>\n<!-- \/ Yoast SEO plugin. -->","yoast_head_json":{"title":"Casa Marisol, desde hace m\u00e1s de 65 a\u00f1os - Casa Marisol","robots":{"index":"index","follow":"follow","max-snippet":"max-snippet:-1","max-image-preview":"max-image-preview:large","max-video-preview":"max-video-preview:-1"},"canonical":"https:\/\/casamarisol.es\/es\/casa-marisol-desde-hace-mas-de-65-anos\/","og_locale":"es_ES","og_type":"article","og_title":"Casa Marisol, desde hace m\u00e1s de 65 a\u00f1os - Casa Marisol","og_description":"Casa Marisol, desde hace m\u00e1s de 65 a\u00f1os En 2016 la tienda vilanovina Casa Marisol celebr\u00f3 65 a\u00f1os. Ubicada en el centro de la capital del Garraf, en Vilanova i la Geltr\u00fa, entrar en esta tienda de la calle Josep Coroleu, es adentrarse en un mundo de colores, texturas, sensaciones y olores donde la experiencia [&hellip;]","og_url":"https:\/\/casamarisol.es\/es\/casa-marisol-desde-hace-mas-de-65-anos\/","og_site_name":"Casa Marisol","article_modified_time":"2024-11-12T17:01:29+00:00","og_image":[{"url":"https:\/\/casamarisol.es\/wp-content\/uploads\/elementor\/thumbs\/ico-qqk7uz114elna9rn13h4nrmgarghja88jl61hwa9ly.png"}],"twitter_card":"summary_large_image","twitter_misc":{"Tiempo de lectura":"1 minuto"},"schema":{"@context":"https:\/\/schema.org","@graph":[{"@type":"WebPage","@id":"https:\/\/casamarisol.es\/es\/casa-marisol-desde-hace-mas-de-65-anos\/","url":"https:\/\/casamarisol.es\/es\/casa-marisol-desde-hace-mas-de-65-anos\/","name":"Casa Marisol, desde hace m\u00e1s de 65 a\u00f1os - Casa Marisol","isPartOf":{"@id":"https:\/\/casamarisol.es\/#website"},"primaryImageOfPage":{"@id":"https:\/\/casamarisol.es\/es\/casa-marisol-desde-hace-mas-de-65-anos\/#primaryimage"},"image":{"@id":"https:\/\/casamarisol.es\/es\/casa-marisol-desde-hace-mas-de-65-anos\/#primaryimage"},"thumbnailUrl":"https:\/\/casamarisol.es\/wp-content\/uploads\/elementor\/thumbs\/ico-qqk7uz114elna9rn13h4nrmgarghja88jl61hwa9ly.png","datePublished":"2024-07-08T09:56:15+00:00","dateModified":"2024-11-12T17:01:29+00:00","breadcrumb":{"@id":"https:\/\/casamarisol.es\/es\/casa-marisol-desde-hace-mas-de-65-anos\/#breadcrumb"},"inLanguage":"es","potentialAction":[{"@type":"ReadAction","target":["https:\/\/casamarisol.es\/es\/casa-marisol-desde-hace-mas-de-65-anos\/"]}]},{"@type":"ImageObject","inLanguage":"es","@id":"https:\/\/casamarisol.es\/es\/casa-marisol-desde-hace-mas-de-65-anos\/#primaryimage","url":"https:\/\/casamarisol.es\/wp-content\/uploads\/elementor\/thumbs\/ico-qqk7uz114elna9rn13h4nrmgarghja88jl61hwa9ly.png","contentUrl":"https:\/\/casamarisol.es\/wp-content\/uploads\/elementor\/thumbs\/ico-qqk7uz114elna9rn13h4nrmgarghja88jl61hwa9ly.png"},{"@type":"BreadcrumbList","@id":"https:\/\/casamarisol.es\/es\/casa-marisol-desde-hace-mas-de-65-anos\/#breadcrumb","itemListElement":[{"@type":"ListItem","position":1,"name":"Inici","item":"https:\/\/casamarisol.es\/es\/"},{"@type":"ListItem","position":2,"name":"Casa Marisol, desde hace m\u00e1s de 65 a\u00f1os"}]},{"@type":"WebSite","@id":"https:\/\/casamarisol.es\/#website","url":"https:\/\/casamarisol.es\/","name":"Casa Marisol","description":"Vilanova i la Geltr\u00fa","publisher":{"@id":"https:\/\/casamarisol.es\/#organization"},"potentialAction":[{"@type":"SearchAction","target":{"@type":"EntryPoint","urlTemplate":"https:\/\/casamarisol.es\/?s={search_term_string}"},"query-input":{"@type":"PropertyValueSpecification","valueRequired":true,"valueName":"search_term_string"}}],"inLanguage":"es"},{"@type":"Organization","@id":"https:\/\/casamarisol.es\/#organization","name":"Casa Marisol","url":"https:\/\/casamarisol.es\/","logo":{"@type":"ImageObject","inLanguage":"es","@id":"https:\/\/casamarisol.es\/#\/schema\/logo\/image\/","url":"https:\/\/casamarisol.es\/wp-content\/uploads\/2024\/07\/logo.jpg","contentUrl":"https:\/\/casamarisol.es\/wp-content\/uploads\/2024\/07\/logo.jpg","width":400,"height":158,"caption":"Casa Marisol"},"image":{"@id":"https:\/\/casamarisol.es\/#\/schema\/logo\/image\/"}}]}},"_links":{"self":[{"href":"https:\/\/casamarisol.es\/es\/wp-json\/wp\/v2\/pages\/1855","targetHints":{"allow":["GET"]}}],"collection":[{"href":"https:\/\/casamarisol.es\/es\/wp-json\/wp\/v2\/pages"}],"about":[{"href":"https:\/\/casamarisol.es\/es\/wp-json\/wp\/v2\/types\/page"}],"author":[{"embeddable":true,"href":"https:\/\/casamarisol.es\/es\/wp-json\/wp\/v2\/users\/2"}],"replies":[{"embeddable":true,"href":"https:\/\/casamarisol.es\/es\/wp-json\/wp\/v2\/comments?post=1855"}],"version-history":[{"count":0,"href":"https:\/\/casamarisol.es\/es\/wp-json\/wp\/v2\/pages\/1855\/revisions"}],"wp:attachment":[{"href":"https:\/\/casamarisol.es\/es\/wp-json\/wp\/v2\/media?parent=1855"}],"curies":[{"name":"wp","href":"https:\/\/api.w.org\/{rel}","templated":true}]}}