{"id":1891,"date":"2024-09-19T16:14:01","date_gmt":"2024-09-19T14:14:01","guid":{"rendered":"http:\/\/novacasamarisol.es.mialias.net\/pizza\/"},"modified":"2024-11-12T18:01:06","modified_gmt":"2024-11-12T17:01:06","slug":"pizza","status":"publish","type":"page","link":"https:\/\/casamarisol.es\/es\/pizza\/","title":{"rendered":"Carta de Pizzas de La Cuina de l\u2019Anna"},"content":{"rendered":"\t\t<div data-elementor-type=\"wp-page\" data-elementor-id=\"1891\" class=\"elementor elementor-1891 elementor-1141\">\n\t\t\t\t\t\t<section class=\"elementor-section elementor-top-section elementor-element elementor-element-af183ce elementor-section-height-min-height elementor-section-boxed elementor-section-height-default elementor-section-items-middle\" data-id=\"af183ce\" data-element_type=\"section\" data-e-type=\"section\" data-settings=\"{&quot;background_background&quot;:&quot;classic&quot;}\">\n\t\t\t\t\t\t<div class=\"elementor-container elementor-column-gap-no\">\n\t\t\t\t\t<div class=\"elementor-column elementor-col-100 elementor-top-column elementor-element elementor-element-0137285\" data-id=\"0137285\" data-element_type=\"column\" data-e-type=\"column\">\n\t\t\t<div class=\"elementor-widget-wrap elementor-element-populated\">\n\t\t\t\t\t\t<div class=\"elementor-element elementor-element-9086dc7 elementor-widget elementor-widget-heading\" data-id=\"9086dc7\" data-element_type=\"widget\" data-e-type=\"widget\" data-widget_type=\"heading.default\">\n\t\t\t\t<div class=\"elementor-widget-container\">\n\t\t\t\t\t<h1 class=\"elementor-heading-title elementor-size-default\">Pizzas<\/h1>\t\t\t\t<\/div>\n\t\t\t\t<\/div>\n\t\t\t\t\t<\/div>\n\t\t<\/div>\n\t\t\t\t\t<\/div>\n\t\t<\/section>\n\t\t<div class=\"elementor-element elementor-element-9b684b9 e-flex e-con-boxed e-con e-parent\" data-id=\"9b684b9\" data-element_type=\"container\" data-e-type=\"container\">\n\t\t\t\t\t<div class=\"e-con-inner\">\n\t\t\t\t<div class=\"elementor-element elementor-element-5ef24a8 elementor-widget elementor-widget-image\" data-id=\"5ef24a8\" data-element_type=\"widget\" data-e-type=\"widget\" data-widget_type=\"image.default\">\n\t\t\t\t<div class=\"elementor-widget-container\">\n\t\t\t\t\t\t\t\t\t\t\t\t\t\t\t<img decoding=\"async\" src=\"https:\/\/casamarisol.es\/wp-content\/uploads\/elementor\/thumbs\/ico-qqk7uz114elna9rn13h4nrmgarghja88jl61hwa9ly.png\" title=\"ico\" alt=\"ico\" loading=\"lazy\" \/>\t\t\t\t\t\t\t\t\t\t\t\t\t\t\t<\/div>\n\t\t\t\t<\/div>\n\t\t\t\t\t<\/div>\n\t\t\t\t<\/div>\n\t\t<div class=\"elementor-element elementor-element-ded7d77 e-flex e-con-boxed e-con e-parent\" data-id=\"ded7d77\" data-element_type=\"container\" data-e-type=\"container\">\n\t\t\t\t\t<div class=\"e-con-inner\">\n\t\t\t\t<div class=\"elementor-element elementor-element-eef3ff3 elementor-widget elementor-widget-heading\" data-id=\"eef3ff3\" data-element_type=\"widget\" data-e-type=\"widget\" data-widget_type=\"heading.default\">\n\t\t\t\t<div class=\"elementor-widget-container\">\n\t\t\t\t\t<h2 class=\"elementor-heading-title elementor-size-default\">Carta de Pizzas de La Cuina de l\u2019Anna<\/h2>\t\t\t\t<\/div>\n\t\t\t\t<\/div>\n\t\t\t\t<div class=\"elementor-element elementor-element-29e5610 elementor-widget elementor-widget-heading\" data-id=\"29e5610\" data-element_type=\"widget\" data-e-type=\"widget\" data-widget_type=\"heading.default\">\n\t\t\t\t<div class=\"elementor-widget-container\">\n\t\t\t\t\t<h5 class=\"elementor-heading-title elementor-size-default\">(Te regalamos un \u2018xatonet\u2019 si te quedas dos pizzas)\n\n<\/h5>\t\t\t\t<\/div>\n\t\t\t\t<\/div>\n\t\t\t\t<div class=\"elementor-element elementor-element-276c707 elementor-widget elementor-widget-text-editor\" data-id=\"276c707\" data-element_type=\"widget\" data-e-type=\"widget\" data-widget_type=\"text-editor.default\">\n\t\t\t\t<div class=\"elementor-widget-container\">\n\t\t\t\t\t\t\t\t\t<p>No tienen colorantes ni conservantes, hacemos nosotros la masa y le damos un suave toque de horno, hacemos tambi\u00e9n la salsa de tomate y todos los productos que a\u00f1adimos los encuentras en la tienda.<br \/><strong>Preparaci\u00f3n<\/strong>: Calentar el horno a 180 grados y cuando est\u00e9 caliente, poner la pizza en la bandeja del horno unos 15 o 20 minutos. Para 1 o 2 personas si lo combinas con una ensalada.<\/p>\t\t\t\t\t\t\t\t<\/div>\n\t\t\t\t<\/div>\n\t\t\t\t\t<\/div>\n\t\t\t\t<\/div>\n\t\t<div class=\"elementor-element elementor-element-2d0e59a e-flex e-con-boxed e-con e-parent\" data-id=\"2d0e59a\" data-element_type=\"container\" data-e-type=\"container\" id=\"cap_setmana\">\n\t\t\t\t\t<div class=\"e-con-inner\">\n\t\t\t\t<div class=\"elementor-element elementor-element-b658573 elementor-widget elementor-widget-heading\" data-id=\"b658573\" data-element_type=\"widget\" data-e-type=\"widget\" data-widget_type=\"heading.default\">\n\t\t\t\t<div class=\"elementor-widget-container\">\n\t\t\t\t\t<h3 class=\"elementor-heading-title elementor-size-default\">Las de siempre<\/h3>\t\t\t\t<\/div>\n\t\t\t\t<\/div>\n\t\t\t\t<div class=\"elementor-element elementor-element-346a19d elementor-widget elementor-widget-text-editor\" data-id=\"346a19d\" data-element_type=\"widget\" data-e-type=\"widget\" data-widget_type=\"text-editor.default\">\n\t\t\t\t<div class=\"elementor-widget-container\">\n\t\t\t\t\t\t\t\t\t<p><strong>Margarita<\/strong>: salsa de tomate natural casero, or\u00e9gano, Mozzarella, albahaca fresca y queso Emmental.<\/p><p><strong>Jam\u00f3n de York<\/strong>: jam\u00f3n cocido Aulet d&#8217;Angl\u00e8s, salsa de tomate natural casero, Mozzarella, or\u00e9gano, champi\u00f1ones y queso Emmental<\/p><p><strong>Cuatro estaciones<\/strong>: salsa de tomate natural casero, Mozzarella, or\u00e9gano, verduras a la brasa, bonito, aceitunas y queso Emmental<\/p><p><strong>Alemania<\/strong>: salsa de tomate natural casero, Mozzarella, or\u00e9gano, frankfurt, bacon cocido y ahumado, queso Emmental<\/p><p style=\"text-align: right;\"><strong>Precio: 12&#8217;90\u20ac<\/strong><\/p>\t\t\t\t\t\t\t\t<\/div>\n\t\t\t\t<\/div>\n\t\t\t\t\t<\/div>\n\t\t\t\t<\/div>\n\t\t<div class=\"elementor-element elementor-element-b8917ea e-flex e-con-boxed e-con e-parent\" data-id=\"b8917ea\" data-element_type=\"container\" data-e-type=\"container\">\n\t\t\t\t\t<div class=\"e-con-inner\">\n\t\t\t\t<div class=\"elementor-element elementor-element-949a9cd elementor-widget elementor-widget-image\" data-id=\"949a9cd\" data-element_type=\"widget\" data-e-type=\"widget\" data-widget_type=\"image.default\">\n\t\t\t\t<div class=\"elementor-widget-container\">\n\t\t\t\t\t\t\t\t\t\t\t\t\t\t\t<img decoding=\"async\" src=\"https:\/\/casamarisol.es\/wp-content\/uploads\/elementor\/thumbs\/ico-qqk7uz114elna9rn13h4nrmgarghja88jl61hwa9ly.png\" title=\"ico\" alt=\"ico\" loading=\"lazy\" \/>\t\t\t\t\t\t\t\t\t\t\t\t\t\t\t<\/div>\n\t\t\t\t<\/div>\n\t\t<div class=\"elementor-element elementor-element-cdde001 e-con-full e-flex e-con e-child\" data-id=\"cdde001\" data-element_type=\"container\" data-e-type=\"container\">\n\t\t\t\t<div class=\"elementor-element elementor-element-0351a95 elementor-widget elementor-widget-heading\" data-id=\"0351a95\" data-element_type=\"widget\" data-e-type=\"widget\" data-widget_type=\"heading.default\">\n\t\t\t\t<div class=\"elementor-widget-container\">\n\t\t\t\t\t<h3 class=\"elementor-heading-title elementor-size-default\">Las gourmet<\/h3>\t\t\t\t<\/div>\n\t\t\t\t<\/div>\n\t\t\t\t<div class=\"elementor-element elementor-element-1a7ad7c elementor-widget elementor-widget-text-editor\" data-id=\"1a7ad7c\" data-element_type=\"widget\" data-e-type=\"widget\" data-widget_type=\"text-editor.default\">\n\t\t\t\t<div class=\"elementor-widget-container\">\n\t\t\t\t\t\t\t\t\t<p><strong>Ruca<\/strong>: salsa de tomate natural casero, or\u00e9gano, albahaca fresca, queso de cabra Montbr\u00fa de Moi\u00e0 y queso Emmental. <strong>Precio 13.90\u20ac<\/strong><\/p><p><strong>Gorgonzola y peras<\/strong>: salsa de tomate natural casero, or\u00e9gano, queso Gorgonzola, peras, Mozzarella y queso Emmental. <strong>Precio 13.90\u20ac<\/strong><\/p><p><strong>Vedella<\/strong>: salsa de tomate natural casero, Mozzarella, carne de ternera gallega y ketchup artesano. <strong>Precio 13.90\u20ac<\/strong><\/p><p><strong>Pollo<\/strong>: salsa de tomate natural casero, Mozzarella, pollo de pay\u00e9s del coraz\u00f3n de Catalu\u00f1a, ma\u00edz, cebolla y aceite picante. <strong>Precio 13.90\u20ac<\/strong><\/p><p><strong>La vegana<\/strong>: base artesana de la pizza sin huevo, salsa de tomate natural casero, queso vegano, champi\u00f1ones, tomate charle, cebolla y calabac\u00edn. <strong>Precio 13.90\u20ac<\/strong><\/p><p><strong>Jam\u00f3n Ib\u00e9rico de bellota<\/strong>: salsa de tomate natural casero, or\u00e9gano, albahaca fresca, Mozzarella y jam\u00f3n ib\u00e9rico de bellota. <strong>Precio 14.90\u20ac<\/strong><\/p><p><strong>Noruega<\/strong>: salsa de tomate natural casero, or\u00e9gano, salm\u00f3n ahumado noruego Gimar, pepino y queso Emmental. <strong>Precio 14.90\u20ac<\/strong><\/p>\t\t\t\t\t\t\t\t<\/div>\n\t\t\t\t<\/div>\n\t\t\t\t<\/div>\n\t\t\t\t\t<\/div>\n\t\t\t\t<\/div>\n\t\t<div class=\"elementor-element elementor-element-683b78a e-flex e-con-boxed e-con e-parent\" data-id=\"683b78a\" data-element_type=\"container\" data-e-type=\"container\">\n\t\t\t\t\t<div class=\"e-con-inner\">\n\t\t\t\t<div class=\"elementor-element elementor-element-bea1666 elementor-widget elementor-widget-image\" data-id=\"bea1666\" data-element_type=\"widget\" data-e-type=\"widget\" data-widget_type=\"image.default\">\n\t\t\t\t<div class=\"elementor-widget-container\">\n\t\t\t\t\t\t\t\t\t\t\t\t\t\t\t<img decoding=\"async\" src=\"https:\/\/casamarisol.es\/wp-content\/uploads\/elementor\/thumbs\/ico-qqk7uz114elna9rn13h4nrmgarghja88jl61hwa9ly.png\" title=\"ico\" alt=\"ico\" loading=\"lazy\" \/>\t\t\t\t\t\t\t\t\t\t\t\t\t\t\t<\/div>\n\t\t\t\t<\/div>\n\t\t\t\t\t<\/div>\n\t\t\t\t<\/div>\n\t\t\t\t<\/div>\n\t\t","protected":false},"excerpt":{"rendered":"<p>Pizzas Carta de Pizzas de La Cuina de l\u2019Anna (Te regalamos un \u2018xatonet\u2019 si te quedas dos pizzas) No tienen colorantes ni conservantes, hacemos nosotros la masa y le damos un suave toque de horno, hacemos tambi\u00e9n la salsa de tomate y todos los productos que a\u00f1adimos los encuentras en la tienda.Preparaci\u00f3n: Calentar el horno [&hellip;]<\/p>\n","protected":false},"author":2,"featured_media":0,"parent":0,"menu_order":0,"comment_status":"closed","ping_status":"closed","template":"","meta":{"site-sidebar-layout":"no-sidebar","site-content-layout":"page-builder","ast-site-content-layout":"full-width-container","site-content-style":"unboxed","site-sidebar-style":"unboxed","ast-global-header-display":"","ast-banner-title-visibility":"","ast-main-header-display":"","ast-hfb-above-header-display":"","ast-hfb-below-header-display":"","ast-hfb-mobile-header-display":"","site-post-title":"disabled","ast-breadcrumbs-content":"","ast-featured-img":"","footer-sml-layout":"","ast-disable-related-posts":"","theme-transparent-header-meta":"","adv-header-id-meta":"","stick-header-meta":"","header-above-stick-meta":"","header-main-stick-meta":"","header-below-stick-meta":"","astra-migrate-meta-layouts":"set","ast-page-background-enabled":"default","ast-page-background-meta":{"desktop":{"background-color":"var(--ast-global-color-5)","background-image":"","background-repeat":"repeat","background-position":"center center","background-size":"auto","background-attachment":"scroll","background-type":"","background-media":"","overlay-type":"","overlay-color":"","overlay-opacity":"","overlay-gradient":""},"tablet":{"background-color":"","background-image":"","background-repeat":"repeat","background-position":"center center","background-size":"auto","background-attachment":"scroll","background-type":"","background-media":"","overlay-type":"","overlay-color":"","overlay-opacity":"","overlay-gradient":""},"mobile":{"background-color":"","background-image":"","background-repeat":"repeat","background-position":"center center","background-size":"auto","background-attachment":"scroll","background-type":"","background-media":"","overlay-type":"","overlay-color":"","overlay-opacity":"","overlay-gradient":""}},"ast-content-background-meta":{"desktop":{"background-color":"var(--ast-global-color-4)","background-image":"","background-repeat":"repeat","background-position":"center center","background-size":"auto","background-attachment":"scroll","background-type":"","background-media":"","overlay-type":"","overlay-color":"","overlay-opacity":"","overlay-gradient":""},"tablet":{"background-color":"var(--ast-global-color-4)","background-image":"","background-repeat":"repeat","background-position":"center center","background-size":"auto","background-attachment":"scroll","background-type":"","background-media":"","overlay-type":"","overlay-color":"","overlay-opacity":"","overlay-gradient":""},"mobile":{"background-color":"var(--ast-global-color-4)","background-image":"","background-repeat":"repeat","background-position":"center center","background-size":"auto","background-attachment":"scroll","background-type":"","background-media":"","overlay-type":"","overlay-color":"","overlay-opacity":"","overlay-gradient":""}},"_joinchat":[],"footnotes":""},"class_list":["post-1891","page","type-page","status-publish","hentry"],"yoast_head":"<!-- This site is optimized with the Yoast SEO plugin v23.9 - https:\/\/yoast.com\/wordpress\/plugins\/seo\/ -->\n<title>Carta de Pizzas de La Cuina de l\u2019Anna - Casa Marisol<\/title>\n<meta name=\"robots\" content=\"index, follow, max-snippet:-1, max-image-preview:large, max-video-preview:-1\" \/>\n<link rel=\"canonical\" href=\"https:\/\/casamarisol.es\/es\/pizza\/\" \/>\n<meta property=\"og:locale\" content=\"es_ES\" \/>\n<meta property=\"og:type\" content=\"article\" \/>\n<meta property=\"og:title\" content=\"Carta de Pizzas de La Cuina de l\u2019Anna - Casa Marisol\" \/>\n<meta property=\"og:description\" content=\"Pizzas Carta de Pizzas de La Cuina de l\u2019Anna (Te regalamos un \u2018xatonet\u2019 si te quedas dos pizzas) No tienen colorantes ni conservantes, hacemos nosotros la masa y le damos un suave toque de horno, hacemos tambi\u00e9n la salsa de tomate y todos los productos que a\u00f1adimos los encuentras en la tienda.Preparaci\u00f3n: Calentar el horno [&hellip;]\" \/>\n<meta property=\"og:url\" content=\"https:\/\/casamarisol.es\/es\/pizza\/\" \/>\n<meta property=\"og:site_name\" content=\"Casa Marisol\" \/>\n<meta property=\"article:modified_time\" content=\"2024-11-12T17:01:06+00:00\" \/>\n<meta property=\"og:image\" content=\"https:\/\/casamarisol.es\/wp-content\/uploads\/elementor\/thumbs\/ico-qqk7uz114elna9rn13h4nrmgarghja88jl61hwa9ly.png\" \/>\n<meta name=\"twitter:card\" content=\"summary_large_image\" \/>\n<meta name=\"twitter:label1\" content=\"Tiempo de lectura\" \/>\n\t<meta name=\"twitter:data1\" content=\"1 minuto\" \/>\n<script type=\"application\/ld+json\" class=\"yoast-schema-graph\">{\"@context\":\"https:\/\/schema.org\",\"@graph\":[{\"@type\":\"WebPage\",\"@id\":\"https:\/\/casamarisol.es\/es\/pizza\/\",\"url\":\"https:\/\/casamarisol.es\/es\/pizza\/\",\"name\":\"Carta de Pizzas de La Cuina de l\u2019Anna - Casa Marisol\",\"isPartOf\":{\"@id\":\"https:\/\/casamarisol.es\/#website\"},\"primaryImageOfPage\":{\"@id\":\"https:\/\/casamarisol.es\/es\/pizza\/#primaryimage\"},\"image\":{\"@id\":\"https:\/\/casamarisol.es\/es\/pizza\/#primaryimage\"},\"thumbnailUrl\":\"https:\/\/casamarisol.es\/wp-content\/uploads\/elementor\/thumbs\/ico-qqk7uz114elna9rn13h4nrmgarghja88jl61hwa9ly.png\",\"datePublished\":\"2024-09-19T14:14:01+00:00\",\"dateModified\":\"2024-11-12T17:01:06+00:00\",\"breadcrumb\":{\"@id\":\"https:\/\/casamarisol.es\/es\/pizza\/#breadcrumb\"},\"inLanguage\":\"es\",\"potentialAction\":[{\"@type\":\"ReadAction\",\"target\":[\"https:\/\/casamarisol.es\/es\/pizza\/\"]}]},{\"@type\":\"ImageObject\",\"inLanguage\":\"es\",\"@id\":\"https:\/\/casamarisol.es\/es\/pizza\/#primaryimage\",\"url\":\"https:\/\/casamarisol.es\/wp-content\/uploads\/elementor\/thumbs\/ico-qqk7uz114elna9rn13h4nrmgarghja88jl61hwa9ly.png\",\"contentUrl\":\"https:\/\/casamarisol.es\/wp-content\/uploads\/elementor\/thumbs\/ico-qqk7uz114elna9rn13h4nrmgarghja88jl61hwa9ly.png\"},{\"@type\":\"BreadcrumbList\",\"@id\":\"https:\/\/casamarisol.es\/es\/pizza\/#breadcrumb\",\"itemListElement\":[{\"@type\":\"ListItem\",\"position\":1,\"name\":\"Inici\",\"item\":\"https:\/\/casamarisol.es\/es\/\"},{\"@type\":\"ListItem\",\"position\":2,\"name\":\"Carta de Pizzas de La Cuina de l\u2019Anna\"}]},{\"@type\":\"WebSite\",\"@id\":\"https:\/\/casamarisol.es\/#website\",\"url\":\"https:\/\/casamarisol.es\/\",\"name\":\"Casa Marisol\",\"description\":\"Vilanova i la Geltr\u00fa\",\"publisher\":{\"@id\":\"https:\/\/casamarisol.es\/#organization\"},\"potentialAction\":[{\"@type\":\"SearchAction\",\"target\":{\"@type\":\"EntryPoint\",\"urlTemplate\":\"https:\/\/casamarisol.es\/?s={search_term_string}\"},\"query-input\":{\"@type\":\"PropertyValueSpecification\",\"valueRequired\":true,\"valueName\":\"search_term_string\"}}],\"inLanguage\":\"es\"},{\"@type\":\"Organization\",\"@id\":\"https:\/\/casamarisol.es\/#organization\",\"name\":\"Casa Marisol\",\"url\":\"https:\/\/casamarisol.es\/\",\"logo\":{\"@type\":\"ImageObject\",\"inLanguage\":\"es\",\"@id\":\"https:\/\/casamarisol.es\/#\/schema\/logo\/image\/\",\"url\":\"https:\/\/casamarisol.es\/wp-content\/uploads\/2024\/07\/logo.jpg\",\"contentUrl\":\"https:\/\/casamarisol.es\/wp-content\/uploads\/2024\/07\/logo.jpg\",\"width\":400,\"height\":158,\"caption\":\"Casa Marisol\"},\"image\":{\"@id\":\"https:\/\/casamarisol.es\/#\/schema\/logo\/image\/\"}}]}<\/script>\n<!-- \/ Yoast SEO plugin. -->","yoast_head_json":{"title":"Carta de Pizzas de La Cuina de l\u2019Anna - Casa Marisol","robots":{"index":"index","follow":"follow","max-snippet":"max-snippet:-1","max-image-preview":"max-image-preview:large","max-video-preview":"max-video-preview:-1"},"canonical":"https:\/\/casamarisol.es\/es\/pizza\/","og_locale":"es_ES","og_type":"article","og_title":"Carta de Pizzas de La Cuina de l\u2019Anna - Casa Marisol","og_description":"Pizzas Carta de Pizzas de La Cuina de l\u2019Anna (Te regalamos un \u2018xatonet\u2019 si te quedas dos pizzas) No tienen colorantes ni conservantes, hacemos nosotros la masa y le damos un suave toque de horno, hacemos tambi\u00e9n la salsa de tomate y todos los productos que a\u00f1adimos los encuentras en la tienda.Preparaci\u00f3n: Calentar el horno [&hellip;]","og_url":"https:\/\/casamarisol.es\/es\/pizza\/","og_site_name":"Casa Marisol","article_modified_time":"2024-11-12T17:01:06+00:00","og_image":[{"url":"https:\/\/casamarisol.es\/wp-content\/uploads\/elementor\/thumbs\/ico-qqk7uz114elna9rn13h4nrmgarghja88jl61hwa9ly.png"}],"twitter_card":"summary_large_image","twitter_misc":{"Tiempo de lectura":"1 minuto"},"schema":{"@context":"https:\/\/schema.org","@graph":[{"@type":"WebPage","@id":"https:\/\/casamarisol.es\/es\/pizza\/","url":"https:\/\/casamarisol.es\/es\/pizza\/","name":"Carta de Pizzas de La Cuina de l\u2019Anna - Casa Marisol","isPartOf":{"@id":"https:\/\/casamarisol.es\/#website"},"primaryImageOfPage":{"@id":"https:\/\/casamarisol.es\/es\/pizza\/#primaryimage"},"image":{"@id":"https:\/\/casamarisol.es\/es\/pizza\/#primaryimage"},"thumbnailUrl":"https:\/\/casamarisol.es\/wp-content\/uploads\/elementor\/thumbs\/ico-qqk7uz114elna9rn13h4nrmgarghja88jl61hwa9ly.png","datePublished":"2024-09-19T14:14:01+00:00","dateModified":"2024-11-12T17:01:06+00:00","breadcrumb":{"@id":"https:\/\/casamarisol.es\/es\/pizza\/#breadcrumb"},"inLanguage":"es","potentialAction":[{"@type":"ReadAction","target":["https:\/\/casamarisol.es\/es\/pizza\/"]}]},{"@type":"ImageObject","inLanguage":"es","@id":"https:\/\/casamarisol.es\/es\/pizza\/#primaryimage","url":"https:\/\/casamarisol.es\/wp-content\/uploads\/elementor\/thumbs\/ico-qqk7uz114elna9rn13h4nrmgarghja88jl61hwa9ly.png","contentUrl":"https:\/\/casamarisol.es\/wp-content\/uploads\/elementor\/thumbs\/ico-qqk7uz114elna9rn13h4nrmgarghja88jl61hwa9ly.png"},{"@type":"BreadcrumbList","@id":"https:\/\/casamarisol.es\/es\/pizza\/#breadcrumb","itemListElement":[{"@type":"ListItem","position":1,"name":"Inici","item":"https:\/\/casamarisol.es\/es\/"},{"@type":"ListItem","position":2,"name":"Carta de Pizzas de La Cuina de l\u2019Anna"}]},{"@type":"WebSite","@id":"https:\/\/casamarisol.es\/#website","url":"https:\/\/casamarisol.es\/","name":"Casa Marisol","description":"Vilanova i la Geltr\u00fa","publisher":{"@id":"https:\/\/casamarisol.es\/#organization"},"potentialAction":[{"@type":"SearchAction","target":{"@type":"EntryPoint","urlTemplate":"https:\/\/casamarisol.es\/?s={search_term_string}"},"query-input":{"@type":"PropertyValueSpecification","valueRequired":true,"valueName":"search_term_string"}}],"inLanguage":"es"},{"@type":"Organization","@id":"https:\/\/casamarisol.es\/#organization","name":"Casa Marisol","url":"https:\/\/casamarisol.es\/","logo":{"@type":"ImageObject","inLanguage":"es","@id":"https:\/\/casamarisol.es\/#\/schema\/logo\/image\/","url":"https:\/\/casamarisol.es\/wp-content\/uploads\/2024\/07\/logo.jpg","contentUrl":"https:\/\/casamarisol.es\/wp-content\/uploads\/2024\/07\/logo.jpg","width":400,"height":158,"caption":"Casa Marisol"},"image":{"@id":"https:\/\/casamarisol.es\/#\/schema\/logo\/image\/"}}]}},"_links":{"self":[{"href":"https:\/\/casamarisol.es\/es\/wp-json\/wp\/v2\/pages\/1891","targetHints":{"allow":["GET"]}}],"collection":[{"href":"https:\/\/casamarisol.es\/es\/wp-json\/wp\/v2\/pages"}],"about":[{"href":"https:\/\/casamarisol.es\/es\/wp-json\/wp\/v2\/types\/page"}],"author":[{"embeddable":true,"href":"https:\/\/casamarisol.es\/es\/wp-json\/wp\/v2\/users\/2"}],"replies":[{"embeddable":true,"href":"https:\/\/casamarisol.es\/es\/wp-json\/wp\/v2\/comments?post=1891"}],"version-history":[{"count":0,"href":"https:\/\/casamarisol.es\/es\/wp-json\/wp\/v2\/pages\/1891\/revisions"}],"wp:attachment":[{"href":"https:\/\/casamarisol.es\/es\/wp-json\/wp\/v2\/media?parent=1891"}],"curies":[{"name":"wp","href":"https:\/\/api.w.org\/{rel}","templated":true}]}}