{"id":1944,"date":"2024-09-23T12:17:04","date_gmt":"2024-09-23T10:17:04","guid":{"rendered":"http:\/\/novacasamarisol.es.mialias.net\/financat-per-la-unio-europea-next-generation-eu\/"},"modified":"2024-11-12T18:03:10","modified_gmt":"2024-11-12T17:03:10","slug":"financiado-por-la-union-europea-next-generation-eu","status":"publish","type":"page","link":"https:\/\/casamarisol.es\/es\/financiado-por-la-union-europea-next-generation-eu\/","title":{"rendered":"Financiado por la Uni\u00f3n Europea &#8211; Next Generation EU"},"content":{"rendered":"\t\t<div data-elementor-type=\"wp-page\" data-elementor-id=\"1944\" class=\"elementor elementor-1944 elementor-1357\">\n\t\t\t\t\t\t<section class=\"elementor-section elementor-top-section elementor-element elementor-element-af183ce elementor-section-height-min-height elementor-section-boxed elementor-section-height-default elementor-section-items-middle\" data-id=\"af183ce\" data-element_type=\"section\" data-e-type=\"section\" data-settings=\"{&quot;background_background&quot;:&quot;classic&quot;}\">\n\t\t\t\t\t\t<div class=\"elementor-container elementor-column-gap-no\">\n\t\t\t\t\t<div class=\"elementor-column elementor-col-100 elementor-top-column elementor-element elementor-element-0137285\" data-id=\"0137285\" data-element_type=\"column\" data-e-type=\"column\">\n\t\t\t<div class=\"elementor-widget-wrap elementor-element-populated\">\n\t\t\t\t\t\t<div class=\"elementor-element elementor-element-9086dc7 elementor-widget elementor-widget-heading\" data-id=\"9086dc7\" data-element_type=\"widget\" data-e-type=\"widget\" data-widget_type=\"heading.default\">\n\t\t\t\t<div class=\"elementor-widget-container\">\n\t\t\t\t\t<h1 class=\"elementor-heading-title elementor-size-default\">Financiado por la Uni\u00f3n Europea - Next Generation EU<\/h1>\t\t\t\t<\/div>\n\t\t\t\t<\/div>\n\t\t\t\t\t<\/div>\n\t\t<\/div>\n\t\t\t\t\t<\/div>\n\t\t<\/section>\n\t\t<div class=\"elementor-element elementor-element-9b684b9 e-flex e-con-boxed e-con e-parent\" data-id=\"9b684b9\" data-element_type=\"container\" data-e-type=\"container\">\n\t\t\t\t\t<div class=\"e-con-inner\">\n\t\t\t\t<div class=\"elementor-element elementor-element-5ef24a8 elementor-widget elementor-widget-image\" data-id=\"5ef24a8\" data-element_type=\"widget\" data-e-type=\"widget\" data-widget_type=\"image.default\">\n\t\t\t\t<div class=\"elementor-widget-container\">\n\t\t\t\t\t\t\t\t\t\t\t\t\t\t\t<img decoding=\"async\" src=\"https:\/\/casamarisol.es\/wp-content\/uploads\/elementor\/thumbs\/ico-qqk7uz114elna9rn13h4nrmgarghja88jl61hwa9ly.png\" title=\"ico\" alt=\"ico\" loading=\"lazy\" \/>\t\t\t\t\t\t\t\t\t\t\t\t\t\t\t<\/div>\n\t\t\t\t<\/div>\n\t\t\t\t\t<\/div>\n\t\t\t\t<\/div>\n\t\t<div class=\"elementor-element elementor-element-5495191 e-flex e-con-boxed e-con e-parent\" data-id=\"5495191\" data-element_type=\"container\" data-e-type=\"container\">\n\t\t\t\t\t<div class=\"e-con-inner\">\n\t\t\t\t<div class=\"elementor-element elementor-element-8602963 elementor-widget elementor-widget-text-editor\" data-id=\"8602963\" data-element_type=\"widget\" data-e-type=\"widget\" data-widget_type=\"text-editor.default\">\n\t\t\t\t<div class=\"elementor-widget-container\">\n\t\t\t\t\t\t\t\t\t\u00abFinanciado por la Uni\u00f3n Europea \u2013 Next Generation EU. Sin embargo, los puntos de vista y las opiniones expresadas son \u00fanicamente los del autor o autores y no reflejan necesariamente los de la Uni\u00f3n Europea o la Comisi\u00f3n Europea. Ni la Uni\u00f3n Europea ni la Comisi\u00f3n Europea pueden ser consideradas responsables de las mismas\u00bb\t\t\t\t\t\t\t\t<\/div>\n\t\t\t\t<\/div>\n\t\t\t\t\t<\/div>\n\t\t\t\t<\/div>\n\t\t<div class=\"elementor-element elementor-element-83ea004 e-flex e-con-boxed e-con e-parent\" data-id=\"83ea004\" data-element_type=\"container\" data-e-type=\"container\">\n\t\t\t\t\t<div class=\"e-con-inner\">\n\t\t<div class=\"elementor-element elementor-element-67457e8 e-con-full e-flex e-con e-child\" data-id=\"67457e8\" data-element_type=\"container\" data-e-type=\"container\">\n\t\t\t\t<div class=\"elementor-element elementor-element-e6b67c3 elementor-widget elementor-widget-image\" data-id=\"e6b67c3\" data-element_type=\"widget\" data-e-type=\"widget\" data-widget_type=\"image.default\">\n\t\t\t\t<div class=\"elementor-widget-container\">\n\t\t\t\t\t\t\t\t\t\t\t\t\t\t\t<img decoding=\"async\" width=\"250\" height=\"141\" src=\"https:\/\/casamarisol.es\/wp-content\/uploads\/2024\/09\/prtr_v-color.jpg\" class=\"attachment-large size-large wp-image-1360\" alt=\"\" \/>\t\t\t\t\t\t\t\t\t\t\t\t\t\t\t<\/div>\n\t\t\t\t<\/div>\n\t\t\t\t<\/div>\n\t\t<div class=\"elementor-element elementor-element-0870ec5 e-con-full e-flex e-con e-child\" data-id=\"0870ec5\" data-element_type=\"container\" data-e-type=\"container\">\n\t\t\t\t<div class=\"elementor-element elementor-element-6d25dac elementor-widget elementor-widget-image\" data-id=\"6d25dac\" data-element_type=\"widget\" data-e-type=\"widget\" data-widget_type=\"image.default\">\n\t\t\t\t<div class=\"elementor-widget-container\">\n\t\t\t\t\t\t\t\t\t\t\t\t\t\t\t<img decoding=\"async\" width=\"250\" height=\"141\" src=\"https:\/\/casamarisol.es\/wp-content\/uploads\/2024\/09\/ue_h_blau.jpg\" class=\"attachment-large size-large wp-image-1362\" alt=\"\" \/>\t\t\t\t\t\t\t\t\t\t\t\t\t\t\t<\/div>\n\t\t\t\t<\/div>\n\t\t\t\t<\/div>\n\t\t\t\t\t<\/div>\n\t\t\t\t<\/div>\n\t\t<div class=\"elementor-element elementor-element-f019507 e-flex e-con-boxed e-con e-parent\" data-id=\"f019507\" data-element_type=\"container\" data-e-type=\"container\">\n\t\t\t\t\t<div class=\"e-con-inner\">\n\t\t\t\t<div class=\"elementor-element elementor-element-051d8be elementor-widget elementor-widget-image\" data-id=\"051d8be\" data-element_type=\"widget\" data-e-type=\"widget\" data-widget_type=\"image.default\">\n\t\t\t\t<div class=\"elementor-widget-container\">\n\t\t\t\t\t\t\t\t\t\t\t\t\t\t\t<img decoding=\"async\" src=\"https:\/\/casamarisol.es\/wp-content\/uploads\/elementor\/thumbs\/ico-qqk7uz114elna9rn13h4nrmgarghja88jl61hwa9ly.png\" title=\"ico\" alt=\"ico\" loading=\"lazy\" \/>\t\t\t\t\t\t\t\t\t\t\t\t\t\t\t<\/div>\n\t\t\t\t<\/div>\n\t\t\t\t\t<\/div>\n\t\t\t\t<\/div>\n\t\t\t\t<\/div>\n\t\t","protected":false},"excerpt":{"rendered":"<p>Financiado por la Uni\u00f3n Europea &#8211; Next Generation EU \u00abFinanciado por la Uni\u00f3n Europea \u2013 Next Generation EU. Sin embargo, los puntos de vista y las opiniones expresadas son \u00fanicamente los del autor o autores y no reflejan necesariamente los de la Uni\u00f3n Europea o la Comisi\u00f3n Europea. Ni la Uni\u00f3n Europea ni la Comisi\u00f3n [&hellip;]<\/p>\n","protected":false},"author":2,"featured_media":0,"parent":0,"menu_order":0,"comment_status":"closed","ping_status":"closed","template":"","meta":{"site-sidebar-layout":"no-sidebar","site-content-layout":"page-builder","ast-site-content-layout":"full-width-container","site-content-style":"unboxed","site-sidebar-style":"unboxed","ast-global-header-display":"","ast-banner-title-visibility":"","ast-main-header-display":"","ast-hfb-above-header-display":"","ast-hfb-below-header-display":"","ast-hfb-mobile-header-display":"","site-post-title":"disabled","ast-breadcrumbs-content":"","ast-featured-img":"","footer-sml-layout":"","ast-disable-related-posts":"","theme-transparent-header-meta":"","adv-header-id-meta":"","stick-header-meta":"","header-above-stick-meta":"","header-main-stick-meta":"","header-below-stick-meta":"","astra-migrate-meta-layouts":"set","ast-page-background-enabled":"default","ast-page-background-meta":{"desktop":{"background-color":"var(--ast-global-color-5)","background-image":"","background-repeat":"repeat","background-position":"center center","background-size":"auto","background-attachment":"scroll","background-type":"","background-media":"","overlay-type":"","overlay-color":"","overlay-opacity":"","overlay-gradient":""},"tablet":{"background-color":"","background-image":"","background-repeat":"repeat","background-position":"center center","background-size":"auto","background-attachment":"scroll","background-type":"","background-media":"","overlay-type":"","overlay-color":"","overlay-opacity":"","overlay-gradient":""},"mobile":{"background-color":"","background-image":"","background-repeat":"repeat","background-position":"center center","background-size":"auto","background-attachment":"scroll","background-type":"","background-media":"","overlay-type":"","overlay-color":"","overlay-opacity":"","overlay-gradient":""}},"ast-content-background-meta":{"desktop":{"background-color":"var(--ast-global-color-4)","background-image":"","background-repeat":"repeat","background-position":"center center","background-size":"auto","background-attachment":"scroll","background-type":"","background-media":"","overlay-type":"","overlay-color":"","overlay-opacity":"","overlay-gradient":""},"tablet":{"background-color":"var(--ast-global-color-4)","background-image":"","background-repeat":"repeat","background-position":"center center","background-size":"auto","background-attachment":"scroll","background-type":"","background-media":"","overlay-type":"","overlay-color":"","overlay-opacity":"","overlay-gradient":""},"mobile":{"background-color":"var(--ast-global-color-4)","background-image":"","background-repeat":"repeat","background-position":"center center","background-size":"auto","background-attachment":"scroll","background-type":"","background-media":"","overlay-type":"","overlay-color":"","overlay-opacity":"","overlay-gradient":""}},"_joinchat":[],"footnotes":""},"class_list":["post-1944","page","type-page","status-publish","hentry"],"yoast_head":"<!-- This site is optimized with the Yoast SEO plugin v23.9 - https:\/\/yoast.com\/wordpress\/plugins\/seo\/ -->\n<title>Financiado por la Uni\u00f3n Europea - Next Generation EU - Casa Marisol<\/title>\n<meta name=\"robots\" content=\"index, follow, max-snippet:-1, max-image-preview:large, max-video-preview:-1\" \/>\n<link rel=\"canonical\" href=\"https:\/\/casamarisol.es\/es\/financiado-por-la-union-europea-next-generation-eu\/\" \/>\n<meta property=\"og:locale\" content=\"es_ES\" \/>\n<meta property=\"og:type\" content=\"article\" \/>\n<meta property=\"og:title\" content=\"Financiado por la Uni\u00f3n Europea - Next Generation EU - Casa Marisol\" \/>\n<meta property=\"og:description\" content=\"Financiado por la Uni\u00f3n Europea &#8211; Next Generation EU \u00abFinanciado por la Uni\u00f3n Europea \u2013 Next Generation EU. Sin embargo, los puntos de vista y las opiniones expresadas son \u00fanicamente los del autor o autores y no reflejan necesariamente los de la Uni\u00f3n Europea o la Comisi\u00f3n Europea. Ni la Uni\u00f3n Europea ni la Comisi\u00f3n [&hellip;]\" \/>\n<meta property=\"og:url\" content=\"https:\/\/casamarisol.es\/es\/financiado-por-la-union-europea-next-generation-eu\/\" \/>\n<meta property=\"og:site_name\" content=\"Casa Marisol\" \/>\n<meta property=\"article:modified_time\" content=\"2024-11-12T17:03:10+00:00\" \/>\n<meta property=\"og:image\" content=\"https:\/\/casamarisol.es\/wp-content\/uploads\/elementor\/thumbs\/ico-qqk7uz114elna9rn13h4nrmgarghja88jl61hwa9ly.png\" \/>\n<meta name=\"twitter:card\" content=\"summary_large_image\" \/>\n<meta name=\"twitter:label1\" content=\"Tiempo de lectura\" \/>\n\t<meta name=\"twitter:data1\" content=\"1 minuto\" \/>\n<script type=\"application\/ld+json\" class=\"yoast-schema-graph\">{\"@context\":\"https:\/\/schema.org\",\"@graph\":[{\"@type\":\"WebPage\",\"@id\":\"https:\/\/casamarisol.es\/es\/financiado-por-la-union-europea-next-generation-eu\/\",\"url\":\"https:\/\/casamarisol.es\/es\/financiado-por-la-union-europea-next-generation-eu\/\",\"name\":\"Financiado por la Uni\u00f3n Europea - Next Generation EU - Casa Marisol\",\"isPartOf\":{\"@id\":\"https:\/\/casamarisol.es\/#website\"},\"primaryImageOfPage\":{\"@id\":\"https:\/\/casamarisol.es\/es\/financiado-por-la-union-europea-next-generation-eu\/#primaryimage\"},\"image\":{\"@id\":\"https:\/\/casamarisol.es\/es\/financiado-por-la-union-europea-next-generation-eu\/#primaryimage\"},\"thumbnailUrl\":\"https:\/\/casamarisol.es\/wp-content\/uploads\/elementor\/thumbs\/ico-qqk7uz114elna9rn13h4nrmgarghja88jl61hwa9ly.png\",\"datePublished\":\"2024-09-23T10:17:04+00:00\",\"dateModified\":\"2024-11-12T17:03:10+00:00\",\"breadcrumb\":{\"@id\":\"https:\/\/casamarisol.es\/es\/financiado-por-la-union-europea-next-generation-eu\/#breadcrumb\"},\"inLanguage\":\"es\",\"potentialAction\":[{\"@type\":\"ReadAction\",\"target\":[\"https:\/\/casamarisol.es\/es\/financiado-por-la-union-europea-next-generation-eu\/\"]}]},{\"@type\":\"ImageObject\",\"inLanguage\":\"es\",\"@id\":\"https:\/\/casamarisol.es\/es\/financiado-por-la-union-europea-next-generation-eu\/#primaryimage\",\"url\":\"https:\/\/casamarisol.es\/wp-content\/uploads\/elementor\/thumbs\/ico-qqk7uz114elna9rn13h4nrmgarghja88jl61hwa9ly.png\",\"contentUrl\":\"https:\/\/casamarisol.es\/wp-content\/uploads\/elementor\/thumbs\/ico-qqk7uz114elna9rn13h4nrmgarghja88jl61hwa9ly.png\"},{\"@type\":\"BreadcrumbList\",\"@id\":\"https:\/\/casamarisol.es\/es\/financiado-por-la-union-europea-next-generation-eu\/#breadcrumb\",\"itemListElement\":[{\"@type\":\"ListItem\",\"position\":1,\"name\":\"Inici\",\"item\":\"https:\/\/casamarisol.es\/es\/\"},{\"@type\":\"ListItem\",\"position\":2,\"name\":\"Financiado por la Uni\u00f3n Europea &#8211; Next Generation EU\"}]},{\"@type\":\"WebSite\",\"@id\":\"https:\/\/casamarisol.es\/#website\",\"url\":\"https:\/\/casamarisol.es\/\",\"name\":\"Casa Marisol\",\"description\":\"Vilanova i la Geltr\u00fa\",\"publisher\":{\"@id\":\"https:\/\/casamarisol.es\/#organization\"},\"potentialAction\":[{\"@type\":\"SearchAction\",\"target\":{\"@type\":\"EntryPoint\",\"urlTemplate\":\"https:\/\/casamarisol.es\/?s={search_term_string}\"},\"query-input\":{\"@type\":\"PropertyValueSpecification\",\"valueRequired\":true,\"valueName\":\"search_term_string\"}}],\"inLanguage\":\"es\"},{\"@type\":\"Organization\",\"@id\":\"https:\/\/casamarisol.es\/#organization\",\"name\":\"Casa Marisol\",\"url\":\"https:\/\/casamarisol.es\/\",\"logo\":{\"@type\":\"ImageObject\",\"inLanguage\":\"es\",\"@id\":\"https:\/\/casamarisol.es\/#\/schema\/logo\/image\/\",\"url\":\"https:\/\/casamarisol.es\/wp-content\/uploads\/2024\/07\/logo.jpg\",\"contentUrl\":\"https:\/\/casamarisol.es\/wp-content\/uploads\/2024\/07\/logo.jpg\",\"width\":400,\"height\":158,\"caption\":\"Casa Marisol\"},\"image\":{\"@id\":\"https:\/\/casamarisol.es\/#\/schema\/logo\/image\/\"}}]}<\/script>\n<!-- \/ Yoast SEO plugin. -->","yoast_head_json":{"title":"Financiado por la Uni\u00f3n Europea - Next Generation EU - Casa Marisol","robots":{"index":"index","follow":"follow","max-snippet":"max-snippet:-1","max-image-preview":"max-image-preview:large","max-video-preview":"max-video-preview:-1"},"canonical":"https:\/\/casamarisol.es\/es\/financiado-por-la-union-europea-next-generation-eu\/","og_locale":"es_ES","og_type":"article","og_title":"Financiado por la Uni\u00f3n Europea - Next Generation EU - Casa Marisol","og_description":"Financiado por la Uni\u00f3n Europea &#8211; Next Generation EU \u00abFinanciado por la Uni\u00f3n Europea \u2013 Next Generation EU. Sin embargo, los puntos de vista y las opiniones expresadas son \u00fanicamente los del autor o autores y no reflejan necesariamente los de la Uni\u00f3n Europea o la Comisi\u00f3n Europea. Ni la Uni\u00f3n Europea ni la Comisi\u00f3n [&hellip;]","og_url":"https:\/\/casamarisol.es\/es\/financiado-por-la-union-europea-next-generation-eu\/","og_site_name":"Casa Marisol","article_modified_time":"2024-11-12T17:03:10+00:00","og_image":[{"url":"https:\/\/casamarisol.es\/wp-content\/uploads\/elementor\/thumbs\/ico-qqk7uz114elna9rn13h4nrmgarghja88jl61hwa9ly.png"}],"twitter_card":"summary_large_image","twitter_misc":{"Tiempo de lectura":"1 minuto"},"schema":{"@context":"https:\/\/schema.org","@graph":[{"@type":"WebPage","@id":"https:\/\/casamarisol.es\/es\/financiado-por-la-union-europea-next-generation-eu\/","url":"https:\/\/casamarisol.es\/es\/financiado-por-la-union-europea-next-generation-eu\/","name":"Financiado por la Uni\u00f3n Europea - Next Generation EU - Casa Marisol","isPartOf":{"@id":"https:\/\/casamarisol.es\/#website"},"primaryImageOfPage":{"@id":"https:\/\/casamarisol.es\/es\/financiado-por-la-union-europea-next-generation-eu\/#primaryimage"},"image":{"@id":"https:\/\/casamarisol.es\/es\/financiado-por-la-union-europea-next-generation-eu\/#primaryimage"},"thumbnailUrl":"https:\/\/casamarisol.es\/wp-content\/uploads\/elementor\/thumbs\/ico-qqk7uz114elna9rn13h4nrmgarghja88jl61hwa9ly.png","datePublished":"2024-09-23T10:17:04+00:00","dateModified":"2024-11-12T17:03:10+00:00","breadcrumb":{"@id":"https:\/\/casamarisol.es\/es\/financiado-por-la-union-europea-next-generation-eu\/#breadcrumb"},"inLanguage":"es","potentialAction":[{"@type":"ReadAction","target":["https:\/\/casamarisol.es\/es\/financiado-por-la-union-europea-next-generation-eu\/"]}]},{"@type":"ImageObject","inLanguage":"es","@id":"https:\/\/casamarisol.es\/es\/financiado-por-la-union-europea-next-generation-eu\/#primaryimage","url":"https:\/\/casamarisol.es\/wp-content\/uploads\/elementor\/thumbs\/ico-qqk7uz114elna9rn13h4nrmgarghja88jl61hwa9ly.png","contentUrl":"https:\/\/casamarisol.es\/wp-content\/uploads\/elementor\/thumbs\/ico-qqk7uz114elna9rn13h4nrmgarghja88jl61hwa9ly.png"},{"@type":"BreadcrumbList","@id":"https:\/\/casamarisol.es\/es\/financiado-por-la-union-europea-next-generation-eu\/#breadcrumb","itemListElement":[{"@type":"ListItem","position":1,"name":"Inici","item":"https:\/\/casamarisol.es\/es\/"},{"@type":"ListItem","position":2,"name":"Financiado por la Uni\u00f3n Europea &#8211; Next Generation EU"}]},{"@type":"WebSite","@id":"https:\/\/casamarisol.es\/#website","url":"https:\/\/casamarisol.es\/","name":"Casa Marisol","description":"Vilanova i la Geltr\u00fa","publisher":{"@id":"https:\/\/casamarisol.es\/#organization"},"potentialAction":[{"@type":"SearchAction","target":{"@type":"EntryPoint","urlTemplate":"https:\/\/casamarisol.es\/?s={search_term_string}"},"query-input":{"@type":"PropertyValueSpecification","valueRequired":true,"valueName":"search_term_string"}}],"inLanguage":"es"},{"@type":"Organization","@id":"https:\/\/casamarisol.es\/#organization","name":"Casa Marisol","url":"https:\/\/casamarisol.es\/","logo":{"@type":"ImageObject","inLanguage":"es","@id":"https:\/\/casamarisol.es\/#\/schema\/logo\/image\/","url":"https:\/\/casamarisol.es\/wp-content\/uploads\/2024\/07\/logo.jpg","contentUrl":"https:\/\/casamarisol.es\/wp-content\/uploads\/2024\/07\/logo.jpg","width":400,"height":158,"caption":"Casa Marisol"},"image":{"@id":"https:\/\/casamarisol.es\/#\/schema\/logo\/image\/"}}]}},"_links":{"self":[{"href":"https:\/\/casamarisol.es\/es\/wp-json\/wp\/v2\/pages\/1944","targetHints":{"allow":["GET"]}}],"collection":[{"href":"https:\/\/casamarisol.es\/es\/wp-json\/wp\/v2\/pages"}],"about":[{"href":"https:\/\/casamarisol.es\/es\/wp-json\/wp\/v2\/types\/page"}],"author":[{"embeddable":true,"href":"https:\/\/casamarisol.es\/es\/wp-json\/wp\/v2\/users\/2"}],"replies":[{"embeddable":true,"href":"https:\/\/casamarisol.es\/es\/wp-json\/wp\/v2\/comments?post=1944"}],"version-history":[{"count":0,"href":"https:\/\/casamarisol.es\/es\/wp-json\/wp\/v2\/pages\/1944\/revisions"}],"wp:attachment":[{"href":"https:\/\/casamarisol.es\/es\/wp-json\/wp\/v2\/media?parent=1944"}],"curies":[{"name":"wp","href":"https:\/\/api.w.org\/{rel}","templated":true}]}}