{"id":2562,"date":"2024-11-25T16:51:05","date_gmt":"2024-11-25T15:51:05","guid":{"rendered":"https:\/\/casamarisol.es\/product\/lote-el-petit\/"},"modified":"2024-11-25T16:51:05","modified_gmt":"2024-11-25T15:51:05","slug":"lote-el-petit","status":"publish","type":"product","link":"https:\/\/casamarisol.es\/es\/producto\/lote-el-petit\/","title":{"rendered":"Lote El petit"},"content":{"rendered":"<ul>\n<li>Bolsa de tela artesana Annabel<\/li>\n<li>Negro ecol\u00f3gico Onom. Alsina Sard\u00e0. DO Pened\u00e8s del Pla del Pened\u00e8s<\/li>\n<li>Brut Nature Alsina Sard\u00e0<\/li>\n<li>Bombones Sim\u00f3n Coll de Sant Sadurn\u00ed d\u2019Anoia<\/li>\n<li>Lata zamburi\u00f1as Ar de Arte de r\u00edas gallegas<\/li>\n<\/ul>\n","protected":false},"excerpt":{"rendered":"<p>Bolsa de tela artesana Annabel Negro ecol\u00f3gico Onom. Alsina Sard\u00e0. DO Pened\u00e8s del Pla del Pened\u00e8s Brut Nature Alsina Sard\u00e0 Bombones Sim\u00f3n Coll de Sant Sadurn\u00ed d\u2019Anoia Lata zamburi\u00f1as Ar de Arte de r\u00edas gallegas<\/p>\n","protected":false},"featured_media":2521,"template":"","meta":{"site-sidebar-layout":"default","site-content-layout":"","ast-site-content-layout":"default","site-content-style":"default","site-sidebar-style":"default","ast-global-header-display":"","ast-banner-title-visibility":"","ast-main-header-display":"","ast-hfb-above-header-display":"","ast-hfb-below-header-display":"","ast-hfb-mobile-header-display":"","site-post-title":"","ast-breadcrumbs-content":"","ast-featured-img":"","footer-sml-layout":"","ast-disable-related-posts":"","theme-transparent-header-meta":"default","adv-header-id-meta":"","stick-header-meta":"","header-above-stick-meta":"","header-main-stick-meta":"","header-below-stick-meta":"","astra-migrate-meta-layouts":"default","ast-page-background-enabled":"default","ast-page-background-meta":{"desktop":{"background-color":"var(--ast-global-color-5)","background-image":"","background-repeat":"repeat","background-position":"center center","background-size":"auto","background-attachment":"scroll","background-type":"","background-media":"","overlay-type":"","overlay-color":"","overlay-opacity":"","overlay-gradient":""},"tablet":{"background-color":"","background-image":"","background-repeat":"repeat","background-position":"center center","background-size":"auto","background-attachment":"scroll","background-type":"","background-media":"","overlay-type":"","overlay-color":"","overlay-opacity":"","overlay-gradient":""},"mobile":{"background-color":"","background-image":"","background-repeat":"repeat","background-position":"center center","background-size":"auto","background-attachment":"scroll","background-type":"","background-media":"","overlay-type":"","overlay-color":"","overlay-opacity":"","overlay-gradient":""}},"ast-content-background-meta":{"desktop":{"background-color":"var(--ast-global-color-4)","background-image":"","background-repeat":"repeat","background-position":"center center","background-size":"auto","background-attachment":"scroll","background-type":"","background-media":"","overlay-type":"","overlay-color":"","overlay-opacity":"","overlay-gradient":""},"tablet":{"background-color":"var(--ast-global-color-4)","background-image":"","background-repeat":"repeat","background-position":"center center","background-size":"auto","background-attachment":"scroll","background-type":"","background-media":"","overlay-type":"","overlay-color":"","overlay-opacity":"","overlay-gradient":""},"mobile":{"background-color":"var(--ast-global-color-4)","background-image":"","background-repeat":"repeat","background-position":"center center","background-size":"auto","background-attachment":"scroll","background-type":"","background-media":"","overlay-type":"","overlay-color":"","overlay-opacity":"","overlay-gradient":""}},"_joinchat":[]},"product_cat":[124,83],"product_tag":[],"class_list":{"0":"post-2562","1":"product","2":"type-product","3":"status-publish","4":"has-post-thumbnail","6":"product_cat-lotes","7":"product_cat-navidad","8":"desktop-align-left","9":"tablet-align-left","10":"mobile-align-left","12":"first","13":"instock","14":"shipping-taxable","15":"purchasable","16":"product-type-simple"},"yoast_head":"<!-- This site is optimized with the Yoast SEO plugin v23.9 - https:\/\/yoast.com\/wordpress\/plugins\/seo\/ -->\n<title>Lote El petit - Casa Marisol<\/title>\n<meta name=\"robots\" content=\"index, follow, max-snippet:-1, max-image-preview:large, max-video-preview:-1\" \/>\n<link rel=\"canonical\" href=\"https:\/\/casamarisol.es\/es\/producto\/lote-el-petit\/\" \/>\n<meta property=\"og:locale\" content=\"es_ES\" \/>\n<meta property=\"og:type\" content=\"article\" \/>\n<meta property=\"og:title\" content=\"Lote El petit - Casa Marisol\" \/>\n<meta property=\"og:description\" content=\"Bolsa de tela artesana Annabel Negro ecol\u00f3gico Onom. Alsina Sard\u00e0. DO Pened\u00e8s del Pla del Pened\u00e8s Brut Nature Alsina Sard\u00e0 Bombones Sim\u00f3n Coll de Sant Sadurn\u00ed d\u2019Anoia Lata zamburi\u00f1as Ar de Arte de r\u00edas gallegas\" \/>\n<meta property=\"og:url\" content=\"https:\/\/casamarisol.es\/es\/producto\/lote-el-petit\/\" \/>\n<meta property=\"og:site_name\" content=\"Casa Marisol\" \/>\n<meta property=\"og:image\" content=\"https:\/\/casamarisol.es\/wp-content\/uploads\/2024\/11\/casamarisol_lot_el-petit.jpg\" \/>\n\t<meta property=\"og:image:width\" content=\"800\" \/>\n\t<meta property=\"og:image:height\" content=\"800\" \/>\n\t<meta property=\"og:image:type\" content=\"image\/jpeg\" \/>\n<meta name=\"twitter:card\" content=\"summary_large_image\" \/>\n<script type=\"application\/ld+json\" class=\"yoast-schema-graph\">{\"@context\":\"https:\/\/schema.org\",\"@graph\":[{\"@type\":\"WebPage\",\"@id\":\"https:\/\/casamarisol.es\/es\/producto\/lote-el-petit\/\",\"url\":\"https:\/\/casamarisol.es\/es\/producto\/lote-el-petit\/\",\"name\":\"Lote El petit - Casa Marisol\",\"isPartOf\":{\"@id\":\"https:\/\/casamarisol.es\/#website\"},\"primaryImageOfPage\":{\"@id\":\"https:\/\/casamarisol.es\/es\/producto\/lote-el-petit\/#primaryimage\"},\"image\":{\"@id\":\"https:\/\/casamarisol.es\/es\/producto\/lote-el-petit\/#primaryimage\"},\"thumbnailUrl\":\"https:\/\/casamarisol.es\/wp-content\/uploads\/2024\/11\/casamarisol_lot_el-petit.jpg\",\"datePublished\":\"2024-11-25T15:51:05+00:00\",\"dateModified\":\"2024-11-25T15:51:05+00:00\",\"breadcrumb\":{\"@id\":\"https:\/\/casamarisol.es\/es\/producto\/lote-el-petit\/#breadcrumb\"},\"inLanguage\":\"es\",\"potentialAction\":[{\"@type\":\"ReadAction\",\"target\":[\"https:\/\/casamarisol.es\/es\/producto\/lote-el-petit\/\"]}]},{\"@type\":\"ImageObject\",\"inLanguage\":\"es\",\"@id\":\"https:\/\/casamarisol.es\/es\/producto\/lote-el-petit\/#primaryimage\",\"url\":\"https:\/\/casamarisol.es\/wp-content\/uploads\/2024\/11\/casamarisol_lot_el-petit.jpg\",\"contentUrl\":\"https:\/\/casamarisol.es\/wp-content\/uploads\/2024\/11\/casamarisol_lot_el-petit.jpg\",\"width\":800,\"height\":800},{\"@type\":\"BreadcrumbList\",\"@id\":\"https:\/\/casamarisol.es\/es\/producto\/lote-el-petit\/#breadcrumb\",\"itemListElement\":[{\"@type\":\"ListItem\",\"position\":1,\"name\":\"Inici\",\"item\":\"https:\/\/casamarisol.es\/es\/\"},{\"@type\":\"ListItem\",\"position\":2,\"name\":\"Shop\",\"item\":\"https:\/\/casamarisol.es\/es\/shop\/\"},{\"@type\":\"ListItem\",\"position\":3,\"name\":\"Lote El petit\"}]},{\"@type\":\"WebSite\",\"@id\":\"https:\/\/casamarisol.es\/#website\",\"url\":\"https:\/\/casamarisol.es\/\",\"name\":\"Casa Marisol\",\"description\":\"Vilanova i la Geltr\u00fa\",\"publisher\":{\"@id\":\"https:\/\/casamarisol.es\/#organization\"},\"potentialAction\":[{\"@type\":\"SearchAction\",\"target\":{\"@type\":\"EntryPoint\",\"urlTemplate\":\"https:\/\/casamarisol.es\/?s={search_term_string}\"},\"query-input\":{\"@type\":\"PropertyValueSpecification\",\"valueRequired\":true,\"valueName\":\"search_term_string\"}}],\"inLanguage\":\"es\"},{\"@type\":\"Organization\",\"@id\":\"https:\/\/casamarisol.es\/#organization\",\"name\":\"Casa Marisol\",\"url\":\"https:\/\/casamarisol.es\/\",\"logo\":{\"@type\":\"ImageObject\",\"inLanguage\":\"es\",\"@id\":\"https:\/\/casamarisol.es\/#\/schema\/logo\/image\/\",\"url\":\"https:\/\/casamarisol.es\/wp-content\/uploads\/2024\/07\/logo.jpg\",\"contentUrl\":\"https:\/\/casamarisol.es\/wp-content\/uploads\/2024\/07\/logo.jpg\",\"width\":400,\"height\":158,\"caption\":\"Casa Marisol\"},\"image\":{\"@id\":\"https:\/\/casamarisol.es\/#\/schema\/logo\/image\/\"}}]}<\/script>\n<!-- \/ Yoast SEO plugin. -->","yoast_head_json":{"title":"Lote El petit - Casa Marisol","robots":{"index":"index","follow":"follow","max-snippet":"max-snippet:-1","max-image-preview":"max-image-preview:large","max-video-preview":"max-video-preview:-1"},"canonical":"https:\/\/casamarisol.es\/es\/producto\/lote-el-petit\/","og_locale":"es_ES","og_type":"article","og_title":"Lote El petit - Casa Marisol","og_description":"Bolsa de tela artesana Annabel Negro ecol\u00f3gico Onom. Alsina Sard\u00e0. DO Pened\u00e8s del Pla del Pened\u00e8s Brut Nature Alsina Sard\u00e0 Bombones Sim\u00f3n Coll de Sant Sadurn\u00ed d\u2019Anoia Lata zamburi\u00f1as Ar de Arte de r\u00edas gallegas","og_url":"https:\/\/casamarisol.es\/es\/producto\/lote-el-petit\/","og_site_name":"Casa Marisol","og_image":[{"width":800,"height":800,"url":"https:\/\/casamarisol.es\/wp-content\/uploads\/2024\/11\/casamarisol_lot_el-petit.jpg","type":"image\/jpeg"}],"twitter_card":"summary_large_image","schema":{"@context":"https:\/\/schema.org","@graph":[{"@type":"WebPage","@id":"https:\/\/casamarisol.es\/es\/producto\/lote-el-petit\/","url":"https:\/\/casamarisol.es\/es\/producto\/lote-el-petit\/","name":"Lote El petit - Casa Marisol","isPartOf":{"@id":"https:\/\/casamarisol.es\/#website"},"primaryImageOfPage":{"@id":"https:\/\/casamarisol.es\/es\/producto\/lote-el-petit\/#primaryimage"},"image":{"@id":"https:\/\/casamarisol.es\/es\/producto\/lote-el-petit\/#primaryimage"},"thumbnailUrl":"https:\/\/casamarisol.es\/wp-content\/uploads\/2024\/11\/casamarisol_lot_el-petit.jpg","datePublished":"2024-11-25T15:51:05+00:00","dateModified":"2024-11-25T15:51:05+00:00","breadcrumb":{"@id":"https:\/\/casamarisol.es\/es\/producto\/lote-el-petit\/#breadcrumb"},"inLanguage":"es","potentialAction":[{"@type":"ReadAction","target":["https:\/\/casamarisol.es\/es\/producto\/lote-el-petit\/"]}]},{"@type":"ImageObject","inLanguage":"es","@id":"https:\/\/casamarisol.es\/es\/producto\/lote-el-petit\/#primaryimage","url":"https:\/\/casamarisol.es\/wp-content\/uploads\/2024\/11\/casamarisol_lot_el-petit.jpg","contentUrl":"https:\/\/casamarisol.es\/wp-content\/uploads\/2024\/11\/casamarisol_lot_el-petit.jpg","width":800,"height":800},{"@type":"BreadcrumbList","@id":"https:\/\/casamarisol.es\/es\/producto\/lote-el-petit\/#breadcrumb","itemListElement":[{"@type":"ListItem","position":1,"name":"Inici","item":"https:\/\/casamarisol.es\/es\/"},{"@type":"ListItem","position":2,"name":"Shop","item":"https:\/\/casamarisol.es\/es\/shop\/"},{"@type":"ListItem","position":3,"name":"Lote El petit"}]},{"@type":"WebSite","@id":"https:\/\/casamarisol.es\/#website","url":"https:\/\/casamarisol.es\/","name":"Casa Marisol","description":"Vilanova i la Geltr\u00fa","publisher":{"@id":"https:\/\/casamarisol.es\/#organization"},"potentialAction":[{"@type":"SearchAction","target":{"@type":"EntryPoint","urlTemplate":"https:\/\/casamarisol.es\/?s={search_term_string}"},"query-input":{"@type":"PropertyValueSpecification","valueRequired":true,"valueName":"search_term_string"}}],"inLanguage":"es"},{"@type":"Organization","@id":"https:\/\/casamarisol.es\/#organization","name":"Casa Marisol","url":"https:\/\/casamarisol.es\/","logo":{"@type":"ImageObject","inLanguage":"es","@id":"https:\/\/casamarisol.es\/#\/schema\/logo\/image\/","url":"https:\/\/casamarisol.es\/wp-content\/uploads\/2024\/07\/logo.jpg","contentUrl":"https:\/\/casamarisol.es\/wp-content\/uploads\/2024\/07\/logo.jpg","width":400,"height":158,"caption":"Casa Marisol"},"image":{"@id":"https:\/\/casamarisol.es\/#\/schema\/logo\/image\/"}}]}},"_links":{"self":[{"href":"https:\/\/casamarisol.es\/es\/wp-json\/wp\/v2\/product\/2562","targetHints":{"allow":["GET"]}}],"collection":[{"href":"https:\/\/casamarisol.es\/es\/wp-json\/wp\/v2\/product"}],"about":[{"href":"https:\/\/casamarisol.es\/es\/wp-json\/wp\/v2\/types\/product"}],"version-history":[{"count":0,"href":"https:\/\/casamarisol.es\/es\/wp-json\/wp\/v2\/product\/2562\/revisions"}],"wp:featuredmedia":[{"embeddable":true,"href":"https:\/\/casamarisol.es\/es\/wp-json\/wp\/v2\/media\/2521"}],"wp:attachment":[{"href":"https:\/\/casamarisol.es\/es\/wp-json\/wp\/v2\/media?parent=2562"}],"wp:term":[{"taxonomy":"product_cat","embeddable":true,"href":"https:\/\/casamarisol.es\/es\/wp-json\/wp\/v2\/product_cat?post=2562"},{"taxonomy":"product_tag","embeddable":true,"href":"https:\/\/casamarisol.es\/es\/wp-json\/wp\/v2\/product_tag?post=2562"}],"curies":[{"name":"wp","href":"https:\/\/api.w.org\/{rel}","templated":true}]}}